{"id":1946,"date":"2022-02-10T15:56:05","date_gmt":"2022-02-10T13:56:05","guid":{"rendered":"https:\/\/wein-aktien.es\/?page_id=1946"},"modified":"2022-06-16T09:06:01","modified_gmt":"2022-06-16T07:06:01","slug":"partner-neu","status":"publish","type":"page","link":"https:\/\/wein-aktien.es\/en\/partner-neu\/","title":{"rendered":"Partner NEU"},"content":{"rendered":"<div data-elementor-type=\"wp-post\" data-elementor-id=\"1946\" class=\"elementor elementor-1946\">\n\t\t\t\t\t\t<section class=\"elementor-section elementor-top-section elementor-element elementor-element-d2270b8 elementor-section-boxed elementor-section-height-default elementor-section-height-default\" data-id=\"d2270b8\" data-element_type=\"section\" data-settings=\"{&quot;background_background&quot;:&quot;classic&quot;}\">\n\t\t\t\t\t\t\t<div class=\"elementor-background-overlay\"><\/div>\n\t\t\t\t\t\t\t<div class=\"elementor-container elementor-column-gap-default\">\n\t\t\t\t\t<div class=\"elementor-column elementor-col-100 elementor-top-column elementor-element elementor-element-169fa86c\" data-id=\"169fa86c\" data-element_type=\"column\">\n\t\t\t<div class=\"elementor-widget-wrap elementor-element-populated\">\n\t\t\t\t\t\t<div class=\"elementor-element elementor-element-783f3cae elementor-invisible elementor-widget elementor-widget-heading\" data-id=\"783f3cae\" data-element_type=\"widget\" data-settings=\"{&quot;_animation&quot;:&quot;fadeInUp&quot;}\" data-widget_type=\"heading.default\">\n\t\t\t\t<div class=\"elementor-widget-container\">\n\t\t\t\t\t<h1 class=\"elementor-heading-title elementor-size-default\">Gro\u00dfe Projekte<br>Starke Partner<\/h1>\t\t\t\t<\/div>\n\t\t\t\t<\/div>\n\t\t\t\t\t<\/div>\n\t\t<\/div>\n\t\t\t\t\t<\/div>\n\t\t<\/section>\n\t\t\t\t<section class=\"elementor-section elementor-top-section elementor-element elementor-element-525f18e9 elementor-section-boxed elementor-section-height-default elementor-section-height-default\" data-id=\"525f18e9\" data-element_type=\"section\" data-settings=\"{&quot;background_background&quot;:&quot;classic&quot;}\">\n\t\t\t\t\t\t<div class=\"elementor-container elementor-column-gap-default\">\n\t\t\t\t\t<div class=\"elementor-column elementor-col-100 elementor-top-column elementor-element elementor-element-1091e8ab\" data-id=\"1091e8ab\" data-element_type=\"column\">\n\t\t\t<div class=\"elementor-widget-wrap elementor-element-populated\">\n\t\t\t\t\t\t<div class=\"elementor-element elementor-element-61acd180 elementor-widget-divider--view-line elementor-widget elementor-widget-divider\" data-id=\"61acd180\" data-element_type=\"widget\" data-widget_type=\"divider.default\">\n\t\t\t\t<div class=\"elementor-widget-container\">\n\t\t\t\t\t\t\t<div class=\"elementor-divider\">\n\t\t\t<span class=\"elementor-divider-separator\">\n\t\t\t\t\t\t<\/span>\n\t\t<\/div>\n\t\t\t\t\t\t<\/div>\n\t\t\t\t<\/div>\n\t\t\t\t<div class=\"elementor-element elementor-element-36c40266 elementor-widget elementor-widget-heading\" data-id=\"36c40266\" data-element_type=\"widget\" data-widget_type=\"heading.default\">\n\t\t\t\t<div class=\"elementor-widget-container\">\n\t\t\t\t\t<h2 class=\"elementor-heading-title elementor-size-default\"><h2 style=\"font-size: 25px;font-style: normal;text-transform: none\">Ein Beispiel einer zielorientierten und bereichernder Zusammenarbeit<\/h2><\/h2>\t\t\t\t<\/div>\n\t\t\t\t<\/div>\n\t\t\t\t<div class=\"elementor-element elementor-element-5fe3f62c elementor-widget-divider--view-line elementor-widget elementor-widget-divider\" data-id=\"5fe3f62c\" data-element_type=\"widget\" data-widget_type=\"divider.default\">\n\t\t\t\t<div class=\"elementor-widget-container\">\n\t\t\t\t\t\t\t<div class=\"elementor-divider\">\n\t\t\t<span class=\"elementor-divider-separator\">\n\t\t\t\t\t\t<\/span>\n\t\t<\/div>\n\t\t\t\t\t\t<\/div>\n\t\t\t\t<\/div>\n\t\t\t\t<div class=\"elementor-element elementor-element-129a288b elementor-widget elementor-widget-text-editor\" data-id=\"129a288b\" data-element_type=\"widget\" data-widget_type=\"text-editor.default\">\n\t\t\t\t<div class=\"elementor-widget-container\">\n\t\t\t\t\t\t\t\t\t<div class=\"page\" title=\"Page 1\"><div class=\"layoutArea\"><div class=\"column\"><p style=\"text-align: left;\">Gemeinsam mit unseren Partnern, der International Gallery of Fine Arts\u00a0<strong><a href=\"https:\/\/www.artmea.de\/\">ARTMEA<\/a><\/strong>\u00a0und\u00a0<a href=\"https:\/\/kunststoffpunkt.de\/\"><b>kunststoff.<\/b><\/a>\u00a0kreieren wir k\u00fcnstlerisch gestaltete Weinlabels, Etiketten und Weinverpackungen, die sowohl unter Wein- als auch Kunstsammlern gefragte Liebhaberobjekte sind.<\/p><p style=\"text-align: left;\">Das ist sowohl f\u00fcr den Wein selbst als auch f\u00fcr die Marke absatzf\u00f6rdernd und bewirkt gleichzeitig eine Steigerung der Rendite beim Weininvest.<br \/>Bei der k\u00fcnstlerischen Gestaltung\u00a0der Weinlogos k\u00f6nnen wir durch unsere Partner auf eine gro\u00dfe Anzahl international renommierter wie auch aufstrebender K\u00fcnstler \u2013 aus dem In- und Ausland zugreifen.<\/p><p style=\"text-align: left;\">Nachfolgend soll die Gestaltung des international renommierten K\u00fcnstlers<br \/><strong>Bernd Terwey<\/strong><br \/>mit dem Titel <b>\u201eImani\u201c<\/b><br \/>stellvertretend einen ersten Eindruck vermitteln.<\/p><\/div><\/div><\/div>\t\t\t\t\t\t\t\t<\/div>\n\t\t\t\t<\/div>\n\t\t\t\t\t<\/div>\n\t\t<\/div>\n\t\t\t\t\t<\/div>\n\t\t<\/section>\n\t\t\t\t<section class=\"elementor-section elementor-top-section elementor-element elementor-element-1cfd62c5 elementor-section-boxed elementor-section-height-default elementor-section-height-default\" data-id=\"1cfd62c5\" data-element_type=\"section\">\n\t\t\t\t\t\t<div class=\"elementor-container elementor-column-gap-default\">\n\t\t\t\t\t<div class=\"elementor-column elementor-col-33 elementor-top-column elementor-element elementor-element-53dcf7a3\" data-id=\"53dcf7a3\" data-element_type=\"column\">\n\t\t\t<div class=\"elementor-widget-wrap elementor-element-populated\">\n\t\t\t\t\t\t<div class=\"elementor-element elementor-element-5cc70891 elementor-widget elementor-widget-image\" data-id=\"5cc70891\" data-element_type=\"widget\" data-widget_type=\"image.default\">\n\t\t\t\t<div class=\"elementor-widget-container\">\n\t\t\t\t\t\t\t\t\t\t\t\t\t\t\t<img decoding=\"async\" src=\"https:\/\/wein-aktien.es\/wp-content\/uploads\/elementor\/thumbs\/Weinkartons-Weiss-6-scaled-pjtxlh7jlg3cn41p4n5ju55a05uvm5fu5ramuoq0ei.jpg\" title=\"Weinkartons Wei\u00df 6\" alt=\"Weinkartons Wei\u00df 6\" loading=\"lazy\" \/>\t\t\t\t\t\t\t\t\t\t\t\t\t\t\t<\/div>\n\t\t\t\t<\/div>\n\t\t\t\t\t<\/div>\n\t\t<\/div>\n\t\t\t\t<div class=\"elementor-column elementor-col-33 elementor-top-column elementor-element elementor-element-54f07a9e\" data-id=\"54f07a9e\" data-element_type=\"column\">\n\t\t\t<div class=\"elementor-widget-wrap elementor-element-populated\">\n\t\t\t\t\t\t<div class=\"elementor-element elementor-element-3276046f elementor-widget elementor-widget-image\" data-id=\"3276046f\" data-element_type=\"widget\" data-widget_type=\"image.default\">\n\t\t\t\t<div class=\"elementor-widget-container\">\n\t\t\t\t\t\t\t\t\t\t\t\t\t\t\t<img decoding=\"async\" src=\"https:\/\/wein-aktien.es\/wp-content\/uploads\/elementor\/thumbs\/Weinkartons-Weiss-1-pjoso6c748wqt8dk7qu721r2whht6m9ngmupb9hyok.jpg\" title=\"Weinkartons Wei\u00df 1\" alt=\"Weinkartons Wei\u00df 1\" loading=\"lazy\" \/>\t\t\t\t\t\t\t\t\t\t\t\t\t\t\t<\/div>\n\t\t\t\t<\/div>\n\t\t\t\t\t<\/div>\n\t\t<\/div>\n\t\t\t\t<div class=\"elementor-column elementor-col-33 elementor-top-column elementor-element elementor-element-21e7457e\" data-id=\"21e7457e\" data-element_type=\"column\">\n\t\t\t<div class=\"elementor-widget-wrap elementor-element-populated\">\n\t\t\t\t\t\t<div class=\"elementor-element elementor-element-5672f292 elementor-widget elementor-widget-image\" data-id=\"5672f292\" data-element_type=\"widget\" data-widget_type=\"image.default\">\n\t\t\t\t<div class=\"elementor-widget-container\">\n\t\t\t\t\t\t\t\t\t\t\t\t\t\t\t<img decoding=\"async\" src=\"https:\/\/wein-aktien.es\/wp-content\/uploads\/elementor\/thumbs\/Weinkartons-Weiss-2-scaled-pjtxkbunhi9wojvnupppi86nzwo7on4jzqeqk77sfq.jpg\" title=\"kunststoffpunkt\" alt=\"kunststoffpunkt\" loading=\"lazy\" \/>\t\t\t\t\t\t\t\t\t\t\t\t\t\t\t<\/div>\n\t\t\t\t<\/div>\n\t\t\t\t\t<\/div>\n\t\t<\/div>\n\t\t\t\t\t<\/div>\n\t\t<\/section>\n\t\t\t\t<section class=\"elementor-section elementor-top-section elementor-element elementor-element-2923e32a elementor-section-content-middle elementor-section-boxed elementor-section-height-default elementor-section-height-default\" data-id=\"2923e32a\" data-element_type=\"section\" data-settings=\"{&quot;background_background&quot;:&quot;classic&quot;}\">\n\t\t\t\t\t\t<div class=\"elementor-container elementor-column-gap-default\">\n\t\t\t\t\t<div class=\"elementor-column elementor-col-100 elementor-top-column elementor-element elementor-element-7e28d2b3\" data-id=\"7e28d2b3\" data-element_type=\"column\">\n\t\t\t<div class=\"elementor-widget-wrap elementor-element-populated\">\n\t\t\t\t\t\t<div class=\"elementor-element elementor-element-3815dfd elementor-widget elementor-widget-heading\" data-id=\"3815dfd\" data-element_type=\"widget\" data-widget_type=\"heading.default\">\n\t\t\t\t<div class=\"elementor-widget-container\">\n\t\t\t\t\t<h2 class=\"elementor-heading-title elementor-size-default\">Unsere Partner<\/h2>\t\t\t\t<\/div>\n\t\t\t\t<\/div>\n\t\t\t\t<section class=\"elementor-section elementor-inner-section elementor-element elementor-element-39c7012f elementor-section-content-middle elementor-section-boxed elementor-section-height-default elementor-section-height-default\" data-id=\"39c7012f\" data-element_type=\"section\">\n\t\t\t\t\t\t<div class=\"elementor-container elementor-column-gap-default\">\n\t\t\t\t\t<div class=\"elementor-column elementor-col-33 elementor-inner-column elementor-element elementor-element-54dc8fa7\" data-id=\"54dc8fa7\" data-element_type=\"column\">\n\t\t\t<div class=\"elementor-widget-wrap elementor-element-populated\">\n\t\t\t\t\t\t<div class=\"elementor-element elementor-element-3ae38567 elementor-widget elementor-widget-image\" data-id=\"3ae38567\" data-element_type=\"widget\" data-widget_type=\"image.default\">\n\t\t\t\t<div class=\"elementor-widget-container\">\n\t\t\t\t\t\t\t\t\t\t\t\t\t\t\t<img fetchpriority=\"high\" decoding=\"async\" width=\"2500\" height=\"1599\" src=\"https:\/\/wein-aktien.es\/wp-content\/uploads\/2022\/02\/kunsstoff.-Logo-Final.png\" class=\"attachment-full size-full wp-image-1864\" alt=\"\" srcset=\"https:\/\/wein-aktien.es\/wp-content\/uploads\/2022\/02\/kunsstoff.-Logo-Final.png 2500w, https:\/\/wein-aktien.es\/wp-content\/uploads\/2022\/02\/kunsstoff.-Logo-Final-300x192.png 300w, https:\/\/wein-aktien.es\/wp-content\/uploads\/2022\/02\/kunsstoff.-Logo-Final-1024x655.png 1024w, https:\/\/wein-aktien.es\/wp-content\/uploads\/2022\/02\/kunsstoff.-Logo-Final-768x491.png 768w, https:\/\/wein-aktien.es\/wp-content\/uploads\/2022\/02\/kunsstoff.-Logo-Final-1536x982.png 1536w, https:\/\/wein-aktien.es\/wp-content\/uploads\/2022\/02\/kunsstoff.-Logo-Final-2048x1310.png 2048w, https:\/\/wein-aktien.es\/wp-content\/uploads\/2022\/02\/kunsstoff.-Logo-Final-16x10.png 16w, https:\/\/wein-aktien.es\/wp-content\/uploads\/2022\/02\/kunsstoff.-Logo-Final-600x384.png 600w\" sizes=\"(max-width: 2500px) 100vw, 2500px\" \/>\t\t\t\t\t\t\t\t\t\t\t\t\t\t\t<\/div>\n\t\t\t\t<\/div>\n\t\t\t\t\t<\/div>\n\t\t<\/div>\n\t\t\t\t<div class=\"elementor-column elementor-col-33 elementor-inner-column elementor-element elementor-element-851414b\" data-id=\"851414b\" data-element_type=\"column\">\n\t\t\t<div class=\"elementor-widget-wrap elementor-element-populated\">\n\t\t\t\t\t\t<div class=\"elementor-element elementor-element-c1fd933 elementor-widget elementor-widget-image\" data-id=\"c1fd933\" data-element_type=\"widget\" data-widget_type=\"image.default\">\n\t\t\t\t<div class=\"elementor-widget-container\">\n\t\t\t\t\t\t\t\t\t\t\t\t\t\t\t<img decoding=\"async\" width=\"150\" height=\"150\" src=\"https:\/\/wein-aktien.es\/wp-content\/uploads\/2022\/02\/Original-150x150.png\" class=\"attachment-thumbnail size-thumbnail wp-image-1863\" alt=\"\" srcset=\"https:\/\/wein-aktien.es\/wp-content\/uploads\/2022\/02\/Original-150x150.png 150w, https:\/\/wein-aktien.es\/wp-content\/uploads\/2022\/02\/Original-300x300.png 300w, https:\/\/wein-aktien.es\/wp-content\/uploads\/2022\/02\/Original-1024x1024.png 1024w, https:\/\/wein-aktien.es\/wp-content\/uploads\/2022\/02\/Original-768x768.png 768w, https:\/\/wein-aktien.es\/wp-content\/uploads\/2022\/02\/Original-1536x1536.png 1536w, https:\/\/wein-aktien.es\/wp-content\/uploads\/2022\/02\/Original-12x12.png 12w, https:\/\/wein-aktien.es\/wp-content\/uploads\/2022\/02\/Original-600x600.png 600w, https:\/\/wein-aktien.es\/wp-content\/uploads\/2022\/02\/Original-100x100.png 100w\" sizes=\"(max-width: 150px) 100vw, 150px\" \/>\t\t\t\t\t\t\t\t\t\t\t\t\t\t\t<\/div>\n\t\t\t\t<\/div>\n\t\t\t\t\t<\/div>\n\t\t<\/div>\n\t\t\t\t<div class=\"elementor-column elementor-col-33 elementor-inner-column elementor-element elementor-element-add1e4e\" data-id=\"add1e4e\" data-element_type=\"column\">\n\t\t\t<div class=\"elementor-widget-wrap elementor-element-populated\">\n\t\t\t\t\t\t<div class=\"elementor-element elementor-element-05b06cb elementor-widget elementor-widget-image\" data-id=\"05b06cb\" data-element_type=\"widget\" data-widget_type=\"image.default\">\n\t\t\t\t<div class=\"elementor-widget-container\">\n\t\t\t\t\t\t\t\t\t\t\t\t\t\t\t<img decoding=\"async\" width=\"1280\" height=\"693\" src=\"https:\/\/wein-aktien.es\/wp-content\/uploads\/2022\/02\/thumbnail_ARTMEA-black.png\" class=\"attachment-full size-full wp-image-1893\" alt=\"\" srcset=\"https:\/\/wein-aktien.es\/wp-content\/uploads\/2022\/02\/thumbnail_ARTMEA-black.png 1280w, https:\/\/wein-aktien.es\/wp-content\/uploads\/2022\/02\/thumbnail_ARTMEA-black-300x162.png 300w, https:\/\/wein-aktien.es\/wp-content\/uploads\/2022\/02\/thumbnail_ARTMEA-black-1024x554.png 1024w, https:\/\/wein-aktien.es\/wp-content\/uploads\/2022\/02\/thumbnail_ARTMEA-black-768x416.png 768w, https:\/\/wein-aktien.es\/wp-content\/uploads\/2022\/02\/thumbnail_ARTMEA-black-16x9.png 16w, https:\/\/wein-aktien.es\/wp-content\/uploads\/2022\/02\/thumbnail_ARTMEA-black-600x325.png 600w\" sizes=\"(max-width: 1280px) 100vw, 1280px\" \/>\t\t\t\t\t\t\t\t\t\t\t\t\t\t\t<\/div>\n\t\t\t\t<\/div>\n\t\t\t\t\t<\/div>\n\t\t<\/div>\n\t\t\t\t\t<\/div>\n\t\t<\/section>\n\t\t\t\t<section class=\"elementor-section elementor-inner-section elementor-element elementor-element-c42977f elementor-section-content-middle elementor-section-boxed elementor-section-height-default elementor-section-height-default\" data-id=\"c42977f\" data-element_type=\"section\">\n\t\t\t\t\t\t<div class=\"elementor-container elementor-column-gap-default\">\n\t\t\t\t\t<div class=\"elementor-column elementor-col-33 elementor-inner-column elementor-element elementor-element-a86fe1a\" data-id=\"a86fe1a\" data-element_type=\"column\">\n\t\t\t<div class=\"elementor-widget-wrap elementor-element-populated\">\n\t\t\t\t\t\t<div class=\"elementor-element elementor-element-5f64e76 elementor-widget elementor-widget-text-editor\" data-id=\"5f64e76\" data-element_type=\"widget\" data-widget_type=\"text-editor.default\">\n\t\t\t\t<div class=\"elementor-widget-container\">\n\t\t\t\t\t\t\t\t\t<p><b>kunststoff. <\/b>ist unser Partner in Marketinaspekten, wenn es darum geht, Weing\u00fcter und deren Wein samt Vepackung k\u00fcnstlerisch in Szene zu setzen.<\/p>\t\t\t\t\t\t\t\t<\/div>\n\t\t\t\t<\/div>\n\t\t\t\t\t<\/div>\n\t\t<\/div>\n\t\t\t\t<div class=\"elementor-column elementor-col-33 elementor-inner-column elementor-element elementor-element-2d948a7\" data-id=\"2d948a7\" data-element_type=\"column\">\n\t\t\t<div class=\"elementor-widget-wrap elementor-element-populated\">\n\t\t\t\t\t\t<div class=\"elementor-element elementor-element-6d26b83 elementor-widget elementor-widget-text-editor\" data-id=\"6d26b83\" data-element_type=\"widget\" data-widget_type=\"text-editor.default\">\n\t\t\t\t<div class=\"elementor-widget-container\">\n\t\t\t\t\t\t\t\t\t<p><strong>CAVI homes<\/strong> ist strategischer Partner bei der bestm\u00f6glichen Grundst\u00fccksnutzung, um Ferien- und Urlaubsg\u00e4sten ein Erlebnis auf dem Weingut zu erm\u00f6glichen.<br \/><br \/><\/p>\t\t\t\t\t\t\t\t<\/div>\n\t\t\t\t<\/div>\n\t\t\t\t\t<\/div>\n\t\t<\/div>\n\t\t\t\t<div class=\"elementor-column elementor-col-33 elementor-inner-column elementor-element elementor-element-cdb386d\" data-id=\"cdb386d\" data-element_type=\"column\">\n\t\t\t<div class=\"elementor-widget-wrap elementor-element-populated\">\n\t\t\t\t\t\t<div class=\"elementor-element elementor-element-c268e52 elementor-widget elementor-widget-text-editor\" data-id=\"c268e52\" data-element_type=\"widget\" data-widget_type=\"text-editor.default\">\n\t\t\t\t<div class=\"elementor-widget-container\">\n\t\t\t\t\t\t\t\t\t<p><b>ARTMEA <\/b>vertritt renommierte K\u00fcnstler und beschm\u00fcckt die Weing\u00fcter mit ausgew\u00e4hlter Kunst.&nbsp;<br><br><\/p><p><br><\/p>\t\t\t\t\t\t\t\t<\/div>\n\t\t\t\t<\/div>\n\t\t\t\t\t<\/div>\n\t\t<\/div>\n\t\t\t\t\t<\/div>\n\t\t<\/section>\n\t\t\t\t\t<\/div>\n\t\t<\/div>\n\t\t\t\t\t<\/div>\n\t\t<\/section>\n\t\t\t\t<\/div>","protected":false},"excerpt":{"rendered":"<p>Gro\u00dfe ProjekteStarke Partner Ein Beispiel einer zielorientierten und bereichernder Zusammenarbeit Gemeinsam mit unseren Partnern, der International Gallery of Fine Arts\u00a0ARTMEA\u00a0und\u00a0kunststoff.\u00a0kreieren wir k\u00fcnstlerisch gestaltete Weinlabels, Etiketten und Weinverpackungen, die sowohl unter Wein- als auch Kunstsammlern gefragte Liebhaberobjekte sind. Das ist sowohl f\u00fcr den Wein selbst als auch f\u00fcr die Marke absatzf\u00f6rdernd und bewirkt gleichzeitig eine Steigerung [&hellip;]<\/p>","protected":false},"author":2,"featured_media":0,"parent":0,"menu_order":0,"comment_status":"closed","ping_status":"closed","template":"","meta":{"site-sidebar-layout":"no-sidebar","site-content-layout":"page-builder","ast-site-content-layout":"default","site-content-style":"default","site-sidebar-style":"default","ast-global-header-display":"","ast-banner-title-visibility":"","ast-main-header-display":"","ast-hfb-above-header-display":"","ast-hfb-below-header-display":"","ast-hfb-mobile-header-display":"","site-post-title":"disabled","ast-breadcrumbs-content":"","ast-featured-img":"disabled","footer-sml-layout":"","theme-transparent-header-meta":"enabled","adv-header-id-meta":"","stick-header-meta":"default","header-above-stick-meta":"","header-main-stick-meta":"","header-below-stick-meta":"","astra-migrate-meta-layouts":"default","ast-page-background-enabled":"default","ast-page-background-meta":{"desktop":{"background-color":"","background-image":"","background-repeat":"repeat","background-position":"center center","background-size":"auto","background-attachment":"scroll","background-type":"","background-media":"","overlay-type":"","overlay-color":"","overlay-opacity":"","overlay-gradient":""},"tablet":{"background-color":"","background-image":"","background-repeat":"repeat","background-position":"center center","background-size":"auto","background-attachment":"scroll","background-type":"","background-media":"","overlay-type":"","overlay-color":"","overlay-opacity":"","overlay-gradient":""},"mobile":{"background-color":"","background-image":"","background-repeat":"repeat","background-position":"center center","background-size":"auto","background-attachment":"scroll","background-type":"","background-media":"","overlay-type":"","overlay-color":"","overlay-opacity":"","overlay-gradient":""}},"ast-content-background-meta":{"desktop":{"background-color":"var(--ast-global-color-5)","background-image":"","background-repeat":"repeat","background-position":"center center","background-size":"auto","background-attachment":"scroll","background-type":"","background-media":"","overlay-type":"","overlay-color":"","overlay-opacity":"","overlay-gradient":""},"tablet":{"background-color":"var(--ast-global-color-5)","background-image":"","background-repeat":"repeat","background-position":"center center","background-size":"auto","background-attachment":"scroll","background-type":"","background-media":"","overlay-type":"","overlay-color":"","overlay-opacity":"","overlay-gradient":""},"mobile":{"background-color":"var(--ast-global-color-5)","background-image":"","background-repeat":"repeat","background-position":"center center","background-size":"auto","background-attachment":"scroll","background-type":"","background-media":"","overlay-type":"","overlay-color":"","overlay-opacity":"","overlay-gradient":""}},"footnotes":""},"class_list":["post-1946","page","type-page","status-publish","hentry"],"_links":{"self":[{"href":"https:\/\/wein-aktien.es\/en\/wp-json\/wp\/v2\/pages\/1946","targetHints":{"allow":["GET"]}}],"collection":[{"href":"https:\/\/wein-aktien.es\/en\/wp-json\/wp\/v2\/pages"}],"about":[{"href":"https:\/\/wein-aktien.es\/en\/wp-json\/wp\/v2\/types\/page"}],"author":[{"embeddable":true,"href":"https:\/\/wein-aktien.es\/en\/wp-json\/wp\/v2\/users\/2"}],"replies":[{"embeddable":true,"href":"https:\/\/wein-aktien.es\/en\/wp-json\/wp\/v2\/comments?post=1946"}],"version-history":[{"count":37,"href":"https:\/\/wein-aktien.es\/en\/wp-json\/wp\/v2\/pages\/1946\/revisions"}],"predecessor-version":[{"id":2073,"href":"https:\/\/wein-aktien.es\/en\/wp-json\/wp\/v2\/pages\/1946\/revisions\/2073"}],"wp:attachment":[{"href":"https:\/\/wein-aktien.es\/en\/wp-json\/wp\/v2\/media?parent=1946"}],"curies":[{"name":"wp","href":"https:\/\/api.w.org\/{rel}","templated":true}]}}