{"id":1234,"date":"2021-04-15T12:50:50","date_gmt":"2021-04-15T10:50:50","guid":{"rendered":"http:\/\/weinaktien.es\/?page_id=1234"},"modified":"2025-01-21T18:15:44","modified_gmt":"2025-01-21T16:15:44","slug":"uber-uns","status":"publish","type":"page","link":"https:\/\/wein-aktien.es\/en\/uber-uns\/","title":{"rendered":"About Us"},"content":{"rendered":"<div data-elementor-type=\"wp-page\" data-elementor-id=\"1234\" class=\"elementor elementor-1234\">\n\t\t\t\t\t\t<section class=\"elementor-section elementor-top-section elementor-element elementor-element-2545a26a elementor-section-boxed elementor-section-height-default elementor-section-height-default\" data-id=\"2545a26a\" data-element_type=\"section\" data-settings=\"{&quot;background_background&quot;:&quot;classic&quot;}\">\n\t\t\t\t\t\t\t<div class=\"elementor-background-overlay\"><\/div>\n\t\t\t\t\t\t\t<div class=\"elementor-container elementor-column-gap-default\">\n\t\t\t\t\t<div class=\"elementor-column elementor-col-100 elementor-top-column elementor-element elementor-element-71323fa5\" data-id=\"71323fa5\" data-element_type=\"column\">\n\t\t\t<div class=\"elementor-widget-wrap elementor-element-populated\">\n\t\t\t\t\t\t<div class=\"elementor-element elementor-element-48c6516b elementor-widget elementor-widget-heading\" data-id=\"48c6516b\" data-element_type=\"widget\" data-widget_type=\"heading.default\">\n\t\t\t\t<div class=\"elementor-widget-container\">\n\t\t\t\t\t<h5 class=\"elementor-heading-title elementor-size-default\">About Us<\/h5>\t\t\t\t<\/div>\n\t\t\t\t<\/div>\n\t\t\t\t<div class=\"elementor-element elementor-element-1aa14153 elementor-invisible elementor-widget elementor-widget-heading\" data-id=\"1aa14153\" data-element_type=\"widget\" data-settings=\"{&quot;_animation&quot;:&quot;fadeInUp&quot;}\" data-widget_type=\"heading.default\">\n\t\t\t\t<div class=\"elementor-widget-container\">\n\t\t\t\t\t<h2 class=\"elementor-heading-title elementor-size-default\">Das Immobilienportal<\/h2>\t\t\t\t<\/div>\n\t\t\t\t<\/div>\n\t\t\t\t\t<\/div>\n\t\t<\/div>\n\t\t\t\t\t<\/div>\n\t\t<\/section>\n\t\t\t\t<section class=\"elementor-section elementor-top-section elementor-element elementor-element-dd79181 elementor-section-boxed elementor-section-height-default elementor-section-height-default\" data-id=\"dd79181\" data-element_type=\"section\" data-settings=\"{&quot;background_background&quot;:&quot;classic&quot;}\">\n\t\t\t\t\t\t<div class=\"elementor-container elementor-column-gap-default\">\n\t\t\t\t\t<div class=\"elementor-column elementor-col-100 elementor-top-column elementor-element elementor-element-c5420e4\" data-id=\"c5420e4\" data-element_type=\"column\">\n\t\t\t<div class=\"elementor-widget-wrap elementor-element-populated\">\n\t\t\t\t\t\t<div class=\"elementor-element elementor-element-fe76a07 elementor-widget-divider--view-line elementor-widget elementor-widget-divider\" data-id=\"fe76a07\" data-element_type=\"widget\" data-widget_type=\"divider.default\">\n\t\t\t\t<div class=\"elementor-widget-container\">\n\t\t\t\t\t\t\t<div class=\"elementor-divider\">\n\t\t\t<span class=\"elementor-divider-separator\">\n\t\t\t\t\t\t<\/span>\n\t\t<\/div>\n\t\t\t\t\t\t<\/div>\n\t\t\t\t<\/div>\n\t\t\t\t<div class=\"elementor-element elementor-element-41b0297b elementor-widget elementor-widget-heading\" data-id=\"41b0297b\" data-element_type=\"widget\" data-widget_type=\"heading.default\">\n\t\t\t\t<div class=\"elementor-widget-container\">\n\t\t\t\t\t<h2 class=\"elementor-heading-title elementor-size-default\"><p style=\"font-size: 15px;font-style: normal;font-family: Arial, Helvetica, Verdana, sans-serif\">Die Entstehung des Immobilienportals<span style=\", display;font-size: 35px\"><\/span><\/p><\/h2>\t\t\t\t<\/div>\n\t\t\t\t<\/div>\n\t\t\t\t<div class=\"elementor-element elementor-element-31a9a8cb elementor-widget-divider--view-line elementor-widget elementor-widget-divider\" data-id=\"31a9a8cb\" data-element_type=\"widget\" data-widget_type=\"divider.default\">\n\t\t\t\t<div class=\"elementor-widget-container\">\n\t\t\t\t\t\t\t<div class=\"elementor-divider\">\n\t\t\t<span class=\"elementor-divider-separator\">\n\t\t\t\t\t\t<\/span>\n\t\t<\/div>\n\t\t\t\t\t\t<\/div>\n\t\t\t\t<\/div>\n\t\t\t\t<section class=\"elementor-section elementor-inner-section elementor-element elementor-element-d1ff18c elementor-section-boxed elementor-section-height-default elementor-section-height-default\" data-id=\"d1ff18c\" data-element_type=\"section\">\n\t\t\t\t\t\t<div class=\"elementor-container elementor-column-gap-default\">\n\t\t\t\t\t<div class=\"elementor-column elementor-col-50 elementor-inner-column elementor-element elementor-element-cfffae8\" data-id=\"cfffae8\" data-element_type=\"column\">\n\t\t\t<div class=\"elementor-widget-wrap elementor-element-populated\">\n\t\t\t\t\t\t<div class=\"elementor-element elementor-element-29a11078 elementor-widget elementor-widget-text-editor\" data-id=\"29a11078\" data-element_type=\"widget\" data-widget_type=\"text-editor.default\">\n\t\t\t\t<div class=\"elementor-widget-container\">\n\t\t\t\t\t\t\t\t\t<div class=\"page\" title=\"Page 1\">\n<div class=\"layoutArea\">\n<div class=\"column\">\n<p><span style=\"font-size: 15px;\"><br><\/span><\/p><p><span style=\"font-size: 15px;\">Die Idee entstand urspr\u00fcnglich aus der Initiative einer im Juli 2004 in Berlin gegr\u00fcndeten Immobilienhandelsgesellschaft (AG) auf deren Immobilienportal. Der Gr\u00fcndungsgesellschafterkreis bestand damals \u00fcberwiegend aus standesrechtlichen Berufsgruppen, wie Wirtschaftspr\u00fcfern und Steuerberatern.<\/span><\/p>\n<p>Man besch\u00e4ftigte sich damals wie auch aktuell heute mit der Aufbereitung und Realisierung von Immobilienprojekten sowie mit der Aufbereitung und Umsetzung von Immobilienfondsprojekten, Immobilienaktienfonds, etc. auf nationaler wie auch internationaler Ebene.<\/p>\n<p>Dabei werden nur selten eigene Immobilienprojekte beworben, sondern vielseitig Beteiligungen als Gesch\u00e4ftsbesorger an anderen Unternehmen zur Realisierung solcher Projekte vermittelt.<\/p>\n<p style=\"text-align: right;\">\n<\/p><\/div>\n<\/div>\n<\/div>\t\t\t\t\t\t\t\t<\/div>\n\t\t\t\t<\/div>\n\t\t\t\t\t<\/div>\n\t\t<\/div>\n\t\t\t\t<div class=\"elementor-column elementor-col-50 elementor-inner-column elementor-element elementor-element-9a7ca82\" data-id=\"9a7ca82\" data-element_type=\"column\">\n\t\t\t<div class=\"elementor-widget-wrap elementor-element-populated\">\n\t\t\t\t\t\t<div class=\"elementor-element elementor-element-86ba555 elementor-widget elementor-widget-text-editor\" data-id=\"86ba555\" data-element_type=\"widget\" data-widget_type=\"text-editor.default\">\n\t\t\t\t<div class=\"elementor-widget-container\">\n\t\t\t\t\t\t\t\t\t<p>\u00a0<\/p><p>Mit Kapitalerh\u00f6hungen wird in diesen (vermittelten) Unternehmen Liquidit\u00e4t \u00a0geschaffen, um weiteres Wachstum zu generieren. Die Liquidit\u00e4t dieser Unternehmen dient insbesondere der Eigenfinanzierung und damit dem Erwerb von Projekten und Beteiligungen, im Interesse der sp\u00e4teren beteiligten Investoren.<\/p><p>Aus den Projektgesellschaften entstehen dann gr\u00f6\u00dfere Immobilienportfolios in unterschiedlicher Gr\u00f6\u00dfenordnung.<\/p><p>Notwendige Hilfestellung anderer Unternehmen werden aus eigenen Gesellschafterstrukturen gesch\u00f6pft.<\/p><div>\u00a0<\/div>\t\t\t\t\t\t\t\t<\/div>\n\t\t\t\t<\/div>\n\t\t\t\t\t<\/div>\n\t\t<\/div>\n\t\t\t\t\t<\/div>\n\t\t<\/section>\n\t\t\t\t\t<\/div>\n\t\t<\/div>\n\t\t\t\t\t<\/div>\n\t\t<\/section>\n\t\t\t\t<section class=\"elementor-section elementor-top-section elementor-element elementor-element-585ad9a elementor-section-boxed elementor-section-height-default elementor-section-height-default\" data-id=\"585ad9a\" data-element_type=\"section\">\n\t\t\t\t\t\t<div class=\"elementor-container elementor-column-gap-default\">\n\t\t\t\t\t<div class=\"elementor-column elementor-col-100 elementor-top-column elementor-element elementor-element-2f3a5b0\" data-id=\"2f3a5b0\" data-element_type=\"column\">\n\t\t\t<div class=\"elementor-widget-wrap elementor-element-populated\">\n\t\t\t\t\t\t<div class=\"elementor-element elementor-element-4f5cf5e elementor-widget elementor-widget-spacer\" data-id=\"4f5cf5e\" data-element_type=\"widget\" data-widget_type=\"spacer.default\">\n\t\t\t\t<div class=\"elementor-widget-container\">\n\t\t\t\t\t\t\t<div class=\"elementor-spacer\">\n\t\t\t<div class=\"elementor-spacer-inner\"><\/div>\n\t\t<\/div>\n\t\t\t\t\t\t<\/div>\n\t\t\t\t<\/div>\n\t\t\t\t\t<\/div>\n\t\t<\/div>\n\t\t\t\t\t<\/div>\n\t\t<\/section>\n\t\t\t\t<\/div>","protected":false},"excerpt":{"rendered":"<p>\u00dcber uns Das Immobilienportal Die Entstehung des Immobilienportals Die Idee entstand urspr\u00fcnglich aus der Initiative einer im Juli 2004 in Berlin gegr\u00fcndeten Immobilienhandelsgesellschaft (AG) auf deren Immobilienportal. Der Gr\u00fcndungsgesellschafterkreis bestand damals \u00fcberwiegend aus standesrechtlichen Berufsgruppen, wie Wirtschaftspr\u00fcfern und Steuerberatern. Man besch\u00e4ftigte sich damals wie auch aktuell heute mit der Aufbereitung und Realisierung von Immobilienprojekten sowie [&hellip;]<\/p>","protected":false},"author":1,"featured_media":0,"parent":0,"menu_order":0,"comment_status":"closed","ping_status":"closed","template":"","meta":{"site-sidebar-layout":"no-sidebar","site-content-layout":"page-builder","ast-site-content-layout":"full-width-container","site-content-style":"unboxed","site-sidebar-style":"unboxed","ast-global-header-display":"","ast-banner-title-visibility":"","ast-main-header-display":"","ast-hfb-above-header-display":"","ast-hfb-below-header-display":"","ast-hfb-mobile-header-display":"","site-post-title":"disabled","ast-breadcrumbs-content":"","ast-featured-img":"disabled","footer-sml-layout":"","theme-transparent-header-meta":"default","adv-header-id-meta":"","stick-header-meta":"default","header-above-stick-meta":"","header-main-stick-meta":"","header-below-stick-meta":"","astra-migrate-meta-layouts":"set","ast-page-background-enabled":"default","ast-page-background-meta":{"desktop":{"background-color":"","background-image":"","background-repeat":"repeat","background-position":"center center","background-size":"auto","background-attachment":"scroll","background-type":"","background-media":"","overlay-type":"","overlay-color":"","overlay-opacity":"","overlay-gradient":""},"tablet":{"background-color":"","background-image":"","background-repeat":"repeat","background-position":"center center","background-size":"auto","background-attachment":"scroll","background-type":"","background-media":"","overlay-type":"","overlay-color":"","overlay-opacity":"","overlay-gradient":""},"mobile":{"background-color":"","background-image":"","background-repeat":"repeat","background-position":"center center","background-size":"auto","background-attachment":"scroll","background-type":"","background-media":"","overlay-type":"","overlay-color":"","overlay-opacity":"","overlay-gradient":""}},"ast-content-background-meta":{"desktop":{"background-color":"var(--ast-global-color-5)","background-image":"","background-repeat":"repeat","background-position":"center center","background-size":"auto","background-attachment":"scroll","background-type":"","background-media":"","overlay-type":"","overlay-color":"","overlay-opacity":"","overlay-gradient":""},"tablet":{"background-color":"var(--ast-global-color-5)","background-image":"","background-repeat":"repeat","background-position":"center center","background-size":"auto","background-attachment":"scroll","background-type":"","background-media":"","overlay-type":"","overlay-color":"","overlay-opacity":"","overlay-gradient":""},"mobile":{"background-color":"var(--ast-global-color-5)","background-image":"","background-repeat":"repeat","background-position":"center center","background-size":"auto","background-attachment":"scroll","background-type":"","background-media":"","overlay-type":"","overlay-color":"","overlay-opacity":"","overlay-gradient":""}},"footnotes":""},"class_list":["post-1234","page","type-page","status-publish","hentry"],"_links":{"self":[{"href":"https:\/\/wein-aktien.es\/en\/wp-json\/wp\/v2\/pages\/1234","targetHints":{"allow":["GET"]}}],"collection":[{"href":"https:\/\/wein-aktien.es\/en\/wp-json\/wp\/v2\/pages"}],"about":[{"href":"https:\/\/wein-aktien.es\/en\/wp-json\/wp\/v2\/types\/page"}],"author":[{"embeddable":true,"href":"https:\/\/wein-aktien.es\/en\/wp-json\/wp\/v2\/users\/1"}],"replies":[{"embeddable":true,"href":"https:\/\/wein-aktien.es\/en\/wp-json\/wp\/v2\/comments?post=1234"}],"version-history":[{"count":46,"href":"https:\/\/wein-aktien.es\/en\/wp-json\/wp\/v2\/pages\/1234\/revisions"}],"predecessor-version":[{"id":2113,"href":"https:\/\/wein-aktien.es\/en\/wp-json\/wp\/v2\/pages\/1234\/revisions\/2113"}],"wp:attachment":[{"href":"https:\/\/wein-aktien.es\/en\/wp-json\/wp\/v2\/media?parent=1234"}],"curies":[{"name":"wp","href":"https:\/\/api.w.org\/{rel}","templated":true}]}}