{"id":1169,"date":"2017-10-06T05:59:35","date_gmt":"2017-10-06T05:59:35","guid":{"rendered":"http:\/\/weinaktien.es\/?page_id=1169"},"modified":"2024-12-24T16:42:08","modified_gmt":"2024-12-24T14:42:08","slug":"weinaktien","status":"publish","type":"page","link":"https:\/\/wein-aktien.es\/en\/","title":{"rendered":"Home"},"content":{"rendered":"<h1>Wine Shares   <\/h1>\n<h5>WINE SHARES<em><br \/><\/em><\/h5>\n<h5>Invest in vineyard properties and <br \/>weiteren Immobilieninvestitionen<\/h5>\n<p>\t\t\t<a href=\"#formular\" role=\"button\"><br \/>\n\t\t\t\t\t\tReserve wine shares now<br \/>\n\t\t\t\t\t<\/a><br \/>\n\t\t\t\t\t\t\t\t\t\t\t\t\t\t\t<img decoding=\"async\" src=\"https:\/\/wein-aktien.es\/wp-content\/uploads\/elementor\/thumbs\/wein-immobilie-p8kg6xt40kt0ov91dq6xsbz1pi8150dpyhzqf0ergi.png\" title=\"wein-immobilie\" alt=\"wein-immobilie\" \/>\t\t\t\t\t\t\t\t\t\t\t\t\t\t\t<\/p>\n<h2>The Concept of Wine Shares<\/h2>\n<p style=\"text-align: left;\">The idea is simple. Shares are acquired at the investment company. This company, in turn, buys and manages wineries, along with the associated land and buildings as well as other necessary facilities that serve the management, including adjacent hotels.\u00a0<br \/>An increase in the value of the shares results from the rising property and real estate value, the management of the wineries and the subsequent sale in the following years.<\/p>\n<p>\t\t\t\t\t\t\t\t\t\t\t\t\t\t\t<img loading=\"lazy\" decoding=\"async\" width=\"500\" height=\"560\" src=\"https:\/\/wein-aktien.es\/wp-content\/uploads\/2021\/04\/wein-bg-3.jpg\" alt=\"\" srcset=\"https:\/\/wein-aktien.es\/wp-content\/uploads\/2021\/04\/wein-bg-3.jpg 500w, https:\/\/wein-aktien.es\/wp-content\/uploads\/2021\/04\/wein-bg-3-268x300.jpg 268w\" sizes=\"auto, (max-width: 500px) 100vw, 500px\" \/><br \/>\n\t\t\t\t\t\t\t\t\t\t\t\t\t\t\t<img loading=\"lazy\" decoding=\"async\" width=\"300\" height=\"231\" src=\"https:\/\/wein-aktien.es\/wp-content\/uploads\/2021\/04\/Wein-Wappen-300x231.png\" alt=\"\" srcset=\"https:\/\/wein-aktien.es\/wp-content\/uploads\/2021\/04\/Wein-Wappen-300x231.png 300w, https:\/\/wein-aktien.es\/wp-content\/uploads\/2021\/04\/Wein-Wappen-1024x788.png 1024w, https:\/\/wein-aktien.es\/wp-content\/uploads\/2021\/04\/Wein-Wappen-768x591.png 768w, https:\/\/wein-aktien.es\/wp-content\/uploads\/2021\/04\/Wein-Wappen-600x462.png 600w, https:\/\/wein-aktien.es\/wp-content\/uploads\/2021\/04\/Wein-Wappen.png 1330w\" sizes=\"auto, (max-width: 300px) 100vw, 300px\" \/>\t\t\t\t\t\t\t\t\t\t\t\t\t\t\t<\/p>\n<h2>Wine Shares<\/h2>\n<p>Wine shares: Owning shares of a vineyard real estate<\/p>\n<p>\t\t\t\t\t\t\t\t\t\t\t\t\t\t\t<img loading=\"lazy\" decoding=\"async\" width=\"500\" height=\"560\" src=\"https:\/\/wein-aktien.es\/wp-content\/uploads\/2021\/04\/wein-bg-6.jpg\" alt=\"\" srcset=\"https:\/\/wein-aktien.es\/wp-content\/uploads\/2021\/04\/wein-bg-6.jpg 500w, https:\/\/wein-aktien.es\/wp-content\/uploads\/2021\/04\/wein-bg-6-268x300.jpg 268w\" sizes=\"auto, (max-width: 500px) 100vw, 500px\" \/><br \/>\n\t\t\t\t\t\t\t\t\t\t\t\t\t\t\t<img loading=\"lazy\" decoding=\"async\" width=\"500\" height=\"560\" src=\"https:\/\/wein-aktien.es\/wp-content\/uploads\/2020\/02\/winery-home-01.jpg\" alt=\"\" srcset=\"https:\/\/wein-aktien.es\/wp-content\/uploads\/2020\/02\/winery-home-01.jpg 500w, https:\/\/wein-aktien.es\/wp-content\/uploads\/2020\/02\/winery-home-01-268x300.jpg 268w\" sizes=\"auto, (max-width: 500px) 100vw, 500px\" \/>\t\t\t\t\t\t\t\t\t\t\t\t\t\t\t<\/p>\n<h2>About Us<\/h2>\n<p>\t\t\t<a href=\"\/en\/uber-uns\/\" role=\"button\"><br \/>\n\t\t\t\t\t\tLean more<br \/>\n\t\t\t\t\t<\/a><\/p>\n<h2>Investment<\/h2>\n<p>More about wine investment<\/p>\n<p>\t\t\t<a href=\"https:\/\/wein-aktien.es\/en\/das-produkt\/\" role=\"button\"><br \/>\n\t\t\t\t\t\tMore about wine shares<br \/>\n\t\t\t\t\t<\/a><br \/>\n\t\t\t\t\t\t\t\t\t\t\t\t\t\t\t<img loading=\"lazy\" decoding=\"async\" width=\"1400\" height=\"500\" src=\"https:\/\/wein-aktien.es\/wp-content\/uploads\/2021\/04\/full-bg-7.png\" alt=\"\" srcset=\"https:\/\/wein-aktien.es\/wp-content\/uploads\/2021\/04\/full-bg-7.png 1400w, https:\/\/wein-aktien.es\/wp-content\/uploads\/2021\/04\/full-bg-7-300x107.png 300w, https:\/\/wein-aktien.es\/wp-content\/uploads\/2021\/04\/full-bg-7-1024x366.png 1024w, https:\/\/wein-aktien.es\/wp-content\/uploads\/2021\/04\/full-bg-7-768x274.png 768w, https:\/\/wein-aktien.es\/wp-content\/uploads\/2021\/04\/full-bg-7-600x214.png 600w\" sizes=\"auto, (max-width: 1400px) 100vw, 1400px\" \/>\t\t\t\t\t\t\t\t\t\t\t\t\t\t\t<\/p>\n<h2>Weinaktien und Ihre Entwicklung &#8211; deshalb wollen wir in Mallorca beginnen<\/h2>\n<p>Investors are able to make substantial gains from shares belonging to big international vineyards. In France, for example, high sale numbers are expected from the major cultivation areas and an increase in production.<\/p>\n<p>In contrast, the assortment of (wine) shares in other countries is rather small.\nWine from Spain has been experiencing a positive development throughout the last few years with its increasing quality.<\/p>\n<p>\t\t\t<a href=\"https:\/\/wein-aktien.es\/en\/investment-weinanbau\/\" role=\"button\"><br \/>\n\t\t\t\t\t\tGet more information<br \/>\n\t\t\t\t\t<\/a><\/p>\n<h3>The Investment in Wine Shares<\/h3>\n<p>The shares to be acquired in the investment company are so-called ordinary no-par-value shares and preferred no-par-value shares with a nominal value of 10.00 euros per share, which the shareholder acquires at a fixed issue price.<\/p>\n<p>As a result of this participation, the shareholder has a share in the capital (nominal capital) of the company.<\/p>\n<p>Since the company then acquires the wineries\/vineyards, the shareholder also has an indirect interest in the property via the company and is thus a co-owner of a winery. Thereafter, the term \"wine shares\" is coined.<\/p>\n<p>The shareholder receives the earnings from his shares in the form of a dividend in monetary value as well as tangible assets in the form of wine.<\/p>\n<p>The company may resolve at any time at an ordinary shareholders' meeting to distribute the income exclusively in cash or to reinvest it.<\/p>\n<p>\t\t\t<a href=\"\/en\/das-produkt\/\" role=\"button\"><br \/>\n\t\t\t\t\t\tLean more<br \/>\n\t\t\t\t\t<\/a><br \/>\n\t\t\t\t\t\t\t\t\t\t\t\t\t\t\t<img decoding=\"async\" src=\"https:\/\/wein-aktien.es\/wp-content\/uploads\/elementor\/thumbs\/full-bg-8-p8kg6xt40kt0ov91dq6xsbz1pi8150dpyhzqf0ergi.png\" title=\"full-bg-8\" alt=\"full-bg-8\" \/><br \/>\n\t\t\t\t\t\t\t\t\t\t\t\t\t\t\t<img loading=\"lazy\" decoding=\"async\" width=\"1330\" height=\"1024\" src=\"https:\/\/wein-aktien.es\/wp-content\/uploads\/2021\/04\/Wein-Wappen.png\" alt=\"\" srcset=\"https:\/\/wein-aktien.es\/wp-content\/uploads\/2021\/04\/Wein-Wappen.png 1330w, https:\/\/wein-aktien.es\/wp-content\/uploads\/2021\/04\/Wein-Wappen-300x231.png 300w, https:\/\/wein-aktien.es\/wp-content\/uploads\/2021\/04\/Wein-Wappen-1024x788.png 1024w, https:\/\/wein-aktien.es\/wp-content\/uploads\/2021\/04\/Wein-Wappen-768x591.png 768w, https:\/\/wein-aktien.es\/wp-content\/uploads\/2021\/04\/Wein-Wappen-600x462.png 600w\" sizes=\"auto, (max-width: 1330px) 100vw, 1330px\" \/>\t\t\t\t\t\t\t\t\t\t\t\t\t\t\t<\/p>\n<h2>The Financing and Investment Plan<\/h2>\n<p>The financing and investment plan forms the basis for all investment. <br \/>It contains the costs for planned investments, including the estimated costs for buying the real estate itself and the costs for any changes that have to be made in order to use the property for cultivating wine.<\/p>\n<p>The investments will be financed and paid for from the increase in the company's capital.<\/p>\n<p>The financing and investment plan will be made available to seriously interested parties upon request.<\/p>\n<p>\t\t\t<a href=\"\/en\/das-produkt\/\" role=\"button\"><br \/>\n\t\t\t\t\t\tRequest information<br \/>\n\t\t\t\t\t<\/a><\/p>\n<h3>The Trade Procedure<\/h3>\n<p>The trade procedure is carried out by the company itself. This applies both to the entry of each shareholder in the company and the collection of the subscription capital. Moreover, the establishment and management of investment companies, as well as the entire contractual execution of the planned investments within the companies is carried out by the ion AG.<\/p>\n<p>The investments made will be reported to the shareholder at a general meeting and an account will be given to them.&nbsp;<\/p>\n<p>The entry of each shareholder may also be executed via a trustee (interposed trust company), if the company does not realize the capital increase until a later date.<\/p>\n<p>In addition, there is the possibility of an indirect investment in the company via the trustee.<\/p>\n<p>\t\t\t<a href=\"#formular\" role=\"button\"><br \/>\n\t\t\t\t\t\tReserve now<br \/>\n\t\t\t\t\t<\/a><br \/>\n\t\t\t\t\t\t\t\t\t\t\t\t\t\t\t<img decoding=\"async\" src=\"https:\/\/wein-aktien.es\/wp-content\/uploads\/elementor\/thumbs\/wein-flasche-rebe-2-1-p8kg6xt40kt0ov91dq6xsbz1pi8150dpyhzqf0er5y.png\" title=\"wein-flasche-rebe-2\" alt=\"wein-flasche-rebe-2\" \/><br \/>\n\t\t\t\t\t\t\t\t\tReserve shares<br \/>\n\t\t\t\t\t\t\t\t\tReserve shares<\/p>\n<p>Bitte beachten Sie, dass die Mindestzeichnungssumme f\u00fcnf Vorzugs- St\u00fcckaktien zum Ausgabepreis <br \/>gegen Bareinlage von 10,\u2013 \u20ac pro Aktie betr\u00e4gt. Maximal k\u00f6nnen \u00fcber diese Plattform 1.000 Aktien&nbsp;zum Ausgabepreis von 50,\u2013 \u20ac reserviert werden.<\/p>\n<p><style>.elementor-1679 .elementor-element.elementor-element-f0cd354 .elementor-field-group{padding-right:calc( 10px\/2 );padding-left:calc( 10px\/2 );margin-bottom:10px;}.elementor-1679 .elementor-element.elementor-element-f0cd354 .elementor-form-fields-wrapper{margin-left:calc( -10px\/2 );margin-right:calc( -10px\/2 );margin-bottom:-10px;}.elementor-1679 .elementor-element.elementor-element-f0cd354 .elementor-field-group.recaptcha_v3-bottomleft, .elementor-1679 .elementor-element.elementor-element-f0cd354 .elementor-field-group.recaptcha_v3-bottomright{margin-bottom:0;}body.rtl .elementor-1679 .elementor-element.elementor-element-f0cd354 .elementor-labels-inline .elementor-field-group > label{padding-left:0px;}body:not(.rtl) .elementor-1679 .elementor-element.elementor-element-f0cd354 .elementor-labels-inline .elementor-field-group > label{padding-right:0px;}body .elementor-1679 .elementor-element.elementor-element-f0cd354 .elementor-labels-above .elementor-field-group > label{padding-bottom:0px;}.elementor-1679 .elementor-element.elementor-element-f0cd354 .elementor-field-type-html{padding-bottom:0px;}.elementor-1679 .elementor-element.elementor-element-f0cd354 .elementor-field-group:not(.elementor-field-type-upload) .elementor-field:not(.elementor-select-wrapper){background-color:#ffffff;border-radius:5px 5px 5px 5px;}.elementor-1679 .elementor-element.elementor-element-f0cd354 .elementor-field-group .elementor-select-wrapper select{background-color:#ffffff;border-radius:5px 5px 5px 5px;}.elementor-1679 .elementor-element.elementor-element-f0cd354 .e-form__buttons__wrapper__button-next{background-color:var( --e-global-color-accent );color:#ffffff;}.elementor-1679 .elementor-element.elementor-element-f0cd354 .elementor-button[type=\"submit\"]{background-color:var( --e-global-color-accent );color:#ffffff;}.elementor-1679 .elementor-element.elementor-element-f0cd354 .elementor-button[type=\"submit\"] svg *{fill:#ffffff;}.elementor-1679 .elementor-element.elementor-element-f0cd354 .e-form__buttons__wrapper__button-previous{color:#ffffff;}.elementor-1679 .elementor-element.elementor-element-f0cd354 .e-form__buttons__wrapper__button-next:hover{color:#ffffff;}.elementor-1679 .elementor-element.elementor-element-f0cd354 .elementor-button[type=\"submit\"]:hover{color:#ffffff;}.elementor-1679 .elementor-element.elementor-element-f0cd354 .elementor-button[type=\"submit\"]:hover svg *{fill:#ffffff;}.elementor-1679 .elementor-element.elementor-element-f0cd354 .e-form__buttons__wrapper__button-previous:hover{color:#ffffff;}.elementor-1679 .elementor-element.elementor-element-f0cd354 .elementor-button{border-radius:5px 5px 5px 5px;}.elementor-1679 .elementor-element.elementor-element-f0cd354{--e-form-steps-indicators-spacing:20px;--e-form-steps-indicator-padding:30px;--e-form-steps-indicator-inactive-secondary-color:#ffffff;--e-form-steps-indicator-active-secondary-color:#ffffff;--e-form-steps-indicator-completed-secondary-color:#ffffff;--e-form-steps-divider-width:1px;--e-form-steps-divider-gap:10px;}<\/style>\n<section data-id=\"0d87f3a\" data-element_type=\"section\">\n<form method=\"post\" name=\"Aktien Reservieren\" action=\"\">\n\t\t\t<input type=\"hidden\" name=\"post_id\" value=\"1679\"\/><br \/>\n\t\t\t<input type=\"hidden\" name=\"form_id\" value=\"f0cd354\"\/><br \/>\n\t\t\t\t\t<label for=\"form-field-field_7d2d578\">Anzahl der Aktien<\/label><input type=\"number\" name=\"form_fields[field_7d2d578]\" id=\"form-field-field_7d2d578\" placeholder=\"Anzahl der Aktien\" required=\"required\" aria-required=\"true\" min=\"100\" max=\"1000\"><br \/>\n\t\t\t\t\t<label for=\"form-field-field_352a535\">Herr \/ Frau<\/label><br \/>\n\t\t\t<select name=\"form_fields[field_352a535]\" id=\"form-field-field_352a535\" required=\"required\" aria-required=\"true\"><option value=\"Herr \">Mr. <\/option><option value=\"Frau\">Mrs.<\/option><\/select><br \/>\n\t\t\t\t\t<label for=\"form-field-name\">First name <\/label><input size=\"1\" type=\"text\" name=\"form_fields[name]\" id=\"form-field-name\" placeholder=\"First name\" required=\"required\" aria-required=\"true\"><br \/>\n\t\t\t\t\t<label for=\"form-field-field_a1bfb66\">Surname<\/label><input size=\"1\" type=\"text\" name=\"form_fields[field_a1bfb66]\" id=\"form-field-field_a1bfb66\" placeholder=\"Surname\" required=\"required\" aria-required=\"true\"><br \/>\n\t\t\t\t\t<label for=\"form-field-field_dadb940\">Street and house number <\/label><input size=\"1\" type=\"text\" name=\"form_fields[field_dadb940]\" id=\"form-field-field_dadb940\" placeholder=\"Street and house number \" required=\"required\" aria-required=\"true\"><br \/>\n\t\t\t\t\t<label for=\"form-field-field_618f9a1\">Zip code<\/label><input size=\"1\" type=\"text\" name=\"form_fields[field_618f9a1]\" id=\"form-field-field_618f9a1\" placeholder=\"Zip code\" required=\"required\" aria-required=\"true\"><br \/>\n\t\t\t\t\t<label for=\"form-field-field_33d671c\">City<\/label><input size=\"1\" type=\"text\" name=\"form_fields[field_33d671c]\" id=\"form-field-field_33d671c\" placeholder=\"City\" required=\"required\" aria-required=\"true\"><br \/>\n\t\t\t\t\t<label for=\"form-field-field_44ab676\">State<\/label><input size=\"1\" type=\"text\" name=\"form_fields[field_44ab676]\" id=\"form-field-field_44ab676\" placeholder=\"State\" required=\"required\" aria-required=\"true\"><br \/>\n\t\t\t\t\t<label for=\"form-field-email\">Email<\/label><input size=\"1\" type=\"email\" name=\"form_fields[email]\" id=\"form-field-email\" placeholder=\"Email\" required=\"required\" aria-required=\"true\"><br \/>\n\t\t\t\t\t<label for=\"form-field-field_473bc78\">Phone number<\/label><input size=\"1\" type=\"tel\" name=\"form_fields[field_473bc78]\" id=\"form-field-field_473bc78\" placeholder=\"Phone number\" required=\"required\" aria-required=\"true\" pattern=\"[0-9()#&amp;+*-=.]+\" title=\"Only numbers and phone characters (#, -, *, etc) are accepted.\"><br \/>\n\t\t\t\t\t<label for=\"form-field-message\">Your message <\/label><textarea name=\"form_fields[message]\" id=\"form-field-message\" rows=\"4\" placeholder=\"Your message \"><\/textarea><br \/>\n\t\t\t\t\t<label for=\"form-field-field_cd1f347\">Datenschutz <\/label><input type=\"checkbox\" name=\"form_fields[field_cd1f347]\" id=\"form-field-field_cd1f347\" required=\"required\" aria-required=\"true\"> <label for=\"form-field-field_cd1f347\">Hiermit akzeptiere ich die Datenschutzbedingungen. <\/label><br \/>\n\t\t\t\t\t<input size=\"1\" type=\"text\" name=\"form_fields[field_59a632a]\" id=\"form-field-field_59a632a\" style=\"display:none !important;\"><br \/>\n\t\t\t\t\t<button type=\"submit\"><br \/>\n\t\t\t\t\t\t\t\t\t\t\t\t\t\t\t\t\t\t\t\t\t\t<strong>Reserve wine shares now<\/strong><br \/>\n\t\t\t\t\t<\/button><br \/>\n\t\t<input type=\"hidden\" name=\"trp-form-language\" value=\"en\"\/><\/form>\n<\/section>","protected":false},"excerpt":{"rendered":"<p>Weinaktien WINE SHARES Beteiligen Sie sich an Weinberggrundst\u00fccken und weiteren Immobilieninvestitionen Jetzt Weinaktien reservieren Die Investition in Weinaktien Die Idee ist einfach. Es werden Aktien an einer Beteiligungsgesellschaft gekauft. Diese wiederum erwirbt und betreibt Weing\u00fcter, nebst zugeh\u00f6rigen Grundst\u00fccken und Geb\u00e4uden sowie anderen notwendigen Einrichtungen, die der Bewirtschaftung dienen,\u00a0 wie bspw. angrenzenden Hotels.\u00a0Eine Wertsteigerung der Anteile [&hellip;]<\/p>","protected":false},"author":1,"featured_media":0,"parent":0,"menu_order":0,"comment_status":"closed","ping_status":"closed","template":"","meta":{"site-sidebar-layout":"no-sidebar","site-content-layout":"page-builder","ast-site-content-layout":"full-width-container","site-content-style":"unboxed","site-sidebar-style":"unboxed","ast-global-header-display":"","ast-banner-title-visibility":"","ast-main-header-display":"","ast-hfb-above-header-display":"","ast-hfb-below-header-display":"","ast-hfb-mobile-header-display":"","site-post-title":"disabled","ast-breadcrumbs-content":"","ast-featured-img":"disabled","footer-sml-layout":"","theme-transparent-header-meta":"enabled","adv-header-id-meta":"","stick-header-meta":"default","header-above-stick-meta":"","header-main-stick-meta":"","header-below-stick-meta":"","astra-migrate-meta-layouts":"set","ast-page-background-enabled":"default","ast-page-background-meta":{"desktop":{"background-color":"","background-image":"","background-repeat":"repeat","background-position":"center center","background-size":"auto","background-attachment":"scroll","background-type":"","background-media":"","overlay-type":"","overlay-color":"","overlay-opacity":"","overlay-gradient":""},"tablet":{"background-color":"","background-image":"","background-repeat":"repeat","background-position":"center center","background-size":"auto","background-attachment":"scroll","background-type":"","background-media":"","overlay-type":"","overlay-color":"","overlay-opacity":"","overlay-gradient":""},"mobile":{"background-color":"","background-image":"","background-repeat":"repeat","background-position":"center center","background-size":"auto","background-attachment":"scroll","background-type":"","background-media":"","overlay-type":"","overlay-color":"","overlay-opacity":"","overlay-gradient":""}},"ast-content-background-meta":{"desktop":{"background-color":"var(--ast-global-color-5)","background-image":"","background-repeat":"repeat","background-position":"center center","background-size":"auto","background-attachment":"scroll","background-type":"","background-media":"","overlay-type":"","overlay-color":"","overlay-opacity":"","overlay-gradient":""},"tablet":{"background-color":"var(--ast-global-color-5)","background-image":"","background-repeat":"repeat","background-position":"center center","background-size":"auto","background-attachment":"scroll","background-type":"","background-media":"","overlay-type":"","overlay-color":"","overlay-opacity":"","overlay-gradient":""},"mobile":{"background-color":"var(--ast-global-color-5)","background-image":"","background-repeat":"repeat","background-position":"center center","background-size":"auto","background-attachment":"scroll","background-type":"","background-media":"","overlay-type":"","overlay-color":"","overlay-opacity":"","overlay-gradient":""}},"footnotes":""},"class_list":["post-1169","page","type-page","status-publish","hentry"],"_links":{"self":[{"href":"https:\/\/wein-aktien.es\/en\/wp-json\/wp\/v2\/pages\/1169","targetHints":{"allow":["GET"]}}],"collection":[{"href":"https:\/\/wein-aktien.es\/en\/wp-json\/wp\/v2\/pages"}],"about":[{"href":"https:\/\/wein-aktien.es\/en\/wp-json\/wp\/v2\/types\/page"}],"author":[{"embeddable":true,"href":"https:\/\/wein-aktien.es\/en\/wp-json\/wp\/v2\/users\/1"}],"replies":[{"embeddable":true,"href":"https:\/\/wein-aktien.es\/en\/wp-json\/wp\/v2\/comments?post=1169"}],"version-history":[{"count":249,"href":"https:\/\/wein-aktien.es\/en\/wp-json\/wp\/v2\/pages\/1169\/revisions"}],"predecessor-version":[{"id":2087,"href":"https:\/\/wein-aktien.es\/en\/wp-json\/wp\/v2\/pages\/1169\/revisions\/2087"}],"wp:attachment":[{"href":"https:\/\/wein-aktien.es\/en\/wp-json\/wp\/v2\/media?parent=1169"}],"curies":[{"name":"wp","href":"https:\/\/api.w.org\/{rel}","templated":true}]}}